{"id":11,"date":"2009-02-11T21:17:56","date_gmt":"2009-02-11T20:17:56","guid":{"rendered":"http:\/\/localhost\/dobrofanth.eu\/engine\/?page_id=11"},"modified":"2009-02-19T13:59:01","modified_gmt":"2009-02-19T12:59:01","slug":"kroniky-dfh","status":"publish","type":"page","link":"http:\/\/dobrofanth.eu\/?page_id=11","title":{"rendered":"Kroniky DfH"},"content":{"rendered":"<p>Hry sa konali ka\u017edoro\u010dne od roku 1989, alebo 1990 (overuje sa) &#8211; bez ro\u010dn\u00edkov\u00fdch prest\u00e1vok. Kroniky s\u00fa priebe\u017ene aktualizovan\u00e9. Pri star\u0161\u00edch ro\u010dn\u00edkoch je potrebn\u00e9 r\u00e1ta\u0165 s mo\u017en\u00fdmi nepresnos\u0165ami, ktor\u00e9 ale priebe\u017ene odstra\u0148ujeme v r\u00e1mci mo\u017enost\u00ed.<\/p>\n<table class='table_kroniky'>\n<thead>\n<tr>\n<th scope=\"col\">Rok<\/th>\n<th scope=\"col\">N\u00e1zov<\/th>\n<th scope=\"col\">Miesto<\/th>\n<th scope=\"col\">\u017d\u00e1ner<\/th>\n<th scope=\"col\">Organiz\u00e1tori<\/th>\n<\/tr>\n<\/thead>\n<p><?php\nglobal $post; global $i; $i=0; \n\n$mypost=get_posts('numberposts=100&#038;orderby=title&#038;order=desc&#038;category=7');\nforeach($mypost as $post) :\n\n$Kroniky_array=get_post_custom($mypost[$i]->ID);<\/p>\n<p>$rok=$Kroniky_array[&#8216;rok&#8217;];<br \/>\n$nazov=$Kroniky_array[&#8216;nazov&#8217;];<br \/>\n$miesto=$Kroniky_array[&#8216;miesto&#8217;];<br \/>\n$zaner=$Kroniky_array[&#8216;zaner&#8217;];<br \/>\n$organizatori=$Kroniky_array[&#8216;organizatori&#8217;];<br \/>\n$overene=$Kroniky_array[&#8216;overene&#8217;];<br \/>\n$id_archivu=$Kroniky_array[&#8216;id_archivu&#8217;];<br \/>\n$sprievodny=$Kroniky_array[&#8216;sprievodny&#8217;];<br \/>\n?><\/p>\n<tr <?php if (($i&#038;1)==0&#038;&#038;($sprievodny[0])==1) {?>class=&#8217;parne_sprievodny&#8217; <?php }?><br \/>\n<?php if (($i&#038;1)==0&#038;&#038;($sprievodny[0])==0) {?>class=&#8217;parne&#8217; <?php }?><?php if (($i&#038;1)==1&#038;&#038;($sprievodny[0])==1) {?>class=&#8217;neparne_sprievodny&#8217; <?php }?>><\/p>\n<td <?php if (($overene&#038;1)==0) {?>class=&#8217;neoverene&#8217; <?php }?>><?php  echo $rok[0];?><\/td>\n<td <?php if (($overene&#038;1)==0) {?>class=&#8217;neoverene&#8217; <?php }?>><?php if (($id_archivu)) {?><a href='?p=<?php  echo $id_archivu[0]; ?>&#8216;><?php }?><?php  echo $nazov[0]; ?><?php if (($id_archivu)) {?><\/a><?php }?><\/td>\n<td <?php if (($overene&#038;1)==0) {?>class=&#8217;neoverene&#8217; <?php }?>><?php  echo $miesto[0]; ?><\/td>\n<td <?php if (($overene&#038;1)==0) {?>class=&#8217;neoverene&#8217; <?php }?>><?php  echo $zaner[0]; ?><\/td>\n<td <?php if (($overene&#038;1)==0) {?>class=&#8217;neoverene&#8217; <?php }?>><?php  echo $organizatori[0]; ?><\/td>\n<\/tr>\n<p><?php\n$i=$i+1;\nendforeach;\n?><br \/>\n<\/table>\n<p><u>Vysvetlivky:<\/u><br \/>\nNA &#8211; z angl. &#8220;Not Available&#8221;, \u010do v preklade znamen\u00e1 &#8220;Nie je k dispoz\u00edcii&#8221;.<br \/>\nSiv\u00e9 p\u00edsmo &#8211; Ro\u010dn\u00edk, ktor\u00fd je zobrazen\u00fd siv\u00fdm p\u00edsmom, je ro\u010dn\u00edk, ktor\u00e9ho \u00fadaje je potrebn\u00e9 overi\u0165.<br \/>\n\u010cierne p\u00edsmo &#8211; Ro\u010dn\u00edk, ktor\u00fd je zobrazen\u00fd \u010diernym p\u00edsmom, je ro\u010dn\u00edk, ktor\u00e9ho \u00fadaje s\u00fa overen\u00e9 bu\u010f dokumenta\u010dn\u00fdm podkladom, alebo nieko\u013ek\u00fdmi svedkami.<br \/>\n\u010cerven\u00e9 p\u00edsmo &#8211; Ro\u010dn\u00edk, ktor\u00e9ho n\u00e1zov hry je zobrazen\u00fd \u010derven\u00fdm p\u00edsmom, je ro\u010dn\u00edk, ktor\u00fd m\u00e1 na str\u00e1nke <a href=\"http:\/\/www.dobrofanth.eu\">www.dobrofanth.eu<\/a> archivovan\u00e9 dokumenty.<br \/>\nMal\u00e9 p\u00edsmo &#8211; a) tieto akcie boli ro\u010dn\u00edkov\u00e9 sprievodn\u00e9 akcie a to bu\u010f po\u010das roka, alebo priamo na letnej ve\u013ekej hre, alebo b) tieto akcie boli nez\u00e1visl\u00e9 jednod\u0148ov\u00e9 DobroFantH-y<\/p>\n","protected":false},"excerpt":{"rendered":"<p>Hry sa konali ka\u017edoro\u010dne od roku 1989, alebo 1990 (overuje sa) &#8211; bez ro\u010dn\u00edkov\u00fdch prest\u00e1vok. Kroniky s\u00fa priebe\u017ene aktualizovan\u00e9. Pri star\u0161\u00edch ro\u010dn\u00edkoch je potrebn\u00e9 r\u00e1ta\u0165 s mo\u017en\u00fdmi nepresnos\u0165ami, ktor\u00e9 ale priebe\u017ene odstra\u0148ujeme v r\u00e1mci mo\u017enost\u00ed. Rok N\u00e1zov Miesto \u017d\u00e1ner Organiz\u00e1tori class=&#8217;parne&#8217; class=&#8217;neparne_sprievodny&#8217; > > ><\/p>\n","protected":false},"author":1,"featured_media":0,"parent":0,"menu_order":0,"comment_status":"open","ping_status":"open","template":"","meta":{"footnotes":""},"class_list":["post-11","page","type-page","status-publish","hentry"],"_links":{"self":[{"href":"http:\/\/dobrofanth.eu\/index.php?rest_route=\/wp\/v2\/pages\/11","targetHints":{"allow":["GET"]}}],"collection":[{"href":"http:\/\/dobrofanth.eu\/index.php?rest_route=\/wp\/v2\/pages"}],"about":[{"href":"http:\/\/dobrofanth.eu\/index.php?rest_route=\/wp\/v2\/types\/page"}],"author":[{"embeddable":true,"href":"http:\/\/dobrofanth.eu\/index.php?rest_route=\/wp\/v2\/users\/1"}],"replies":[{"embeddable":true,"href":"http:\/\/dobrofanth.eu\/index.php?rest_route=%2Fwp%2Fv2%2Fcomments&post=11"}],"version-history":[{"count":145,"href":"http:\/\/dobrofanth.eu\/index.php?rest_route=\/wp\/v2\/pages\/11\/revisions"}],"predecessor-version":[{"id":74,"href":"http:\/\/dobrofanth.eu\/index.php?rest_route=\/wp\/v2\/pages\/11\/revisions\/74"}],"wp:attachment":[{"href":"http:\/\/dobrofanth.eu\/index.php?rest_route=%2Fwp%2Fv2%2Fmedia&parent=11"}],"curies":[{"name":"wp","href":"https:\/\/api.w.org\/{rel}","templated":true}]}}