{"id":17,"date":"2009-02-11T21:32:19","date_gmt":"2009-02-11T20:32:19","guid":{"rendered":"http:\/\/localhost\/dobrofanth.eu\/engine\/?page_id=17"},"modified":"2013-01-30T22:34:58","modified_gmt":"2013-01-30T21:34:58","slug":"credits","status":"publish","type":"page","link":"http:\/\/dobrofanth.eu\/?page_id=17","title":{"rendered":"Na tvorbe hier DfH a ich str\u00e1nok sa doteraz podie\u013eali"},"content":{"rendered":"<p>organiz\u00e1tori: Peter (<em>Ry\u0161ko<\/em>) Du\u010dai, Maro\u0161ko, Marek (<em>Bobor<\/em>) Ov\u010d\u00e1\u010dek, Michal (<em>Stelmi<\/em>) \u0160telm\u00e1k, Bra\u0148o (<em>Bra\u0148o<\/em>) \u0160turmankin, Viliam (<em>Vilko<\/em>) Abo\u0161i, Zsolt (<em>Zsolko<\/em>) Varga<br \/>\nwebrozhranie: <a href=\"mailto:michal.stelmak@gmail.com\">Michal (<em>Stelmi<\/em>) \u0160telm\u00e1k<\/a>, <a href=\"mailto:vratko.vokal@gmail.com\">Vratko (<em>vratko<\/em>) Vok\u00e1l<\/a> Marek (<em>Bobor<\/em>) Ov\u010d\u00e1\u010dek,<\/p>\n","protected":false},"excerpt":{"rendered":"<p>organiz\u00e1tori: Peter (Ry\u0161ko) Du\u010dai, Maro\u0161ko, Marek (Bobor) Ov\u010d\u00e1\u010dek, Michal (Stelmi) \u0160telm\u00e1k, Bra\u0148o (Bra\u0148o) \u0160turmankin, Viliam (Vilko) Abo\u0161i, Zsolt (Zsolko) Varga webrozhranie: Michal (Stelmi) \u0160telm\u00e1k, Vratko (vratko) Vok\u00e1l Marek (Bobor) Ov\u010d\u00e1\u010dek,<\/p>\n","protected":false},"author":1,"featured_media":0,"parent":0,"menu_order":0,"comment_status":"open","ping_status":"open","template":"","meta":{"footnotes":""},"class_list":["post-17","page","type-page","status-publish","hentry"],"_links":{"self":[{"href":"http:\/\/dobrofanth.eu\/index.php?rest_route=\/wp\/v2\/pages\/17","targetHints":{"allow":["GET"]}}],"collection":[{"href":"http:\/\/dobrofanth.eu\/index.php?rest_route=\/wp\/v2\/pages"}],"about":[{"href":"http:\/\/dobrofanth.eu\/index.php?rest_route=\/wp\/v2\/types\/page"}],"author":[{"embeddable":true,"href":"http:\/\/dobrofanth.eu\/index.php?rest_route=\/wp\/v2\/users\/1"}],"replies":[{"embeddable":true,"href":"http:\/\/dobrofanth.eu\/index.php?rest_route=%2Fwp%2Fv2%2Fcomments&post=17"}],"version-history":[{"count":9,"href":"http:\/\/dobrofanth.eu\/index.php?rest_route=\/wp\/v2\/pages\/17\/revisions"}],"predecessor-version":[{"id":1148,"href":"http:\/\/dobrofanth.eu\/index.php?rest_route=\/wp\/v2\/pages\/17\/revisions\/1148"}],"wp:attachment":[{"href":"http:\/\/dobrofanth.eu\/index.php?rest_route=%2Fwp%2Fv2%2Fmedia&parent=17"}],"curies":[{"name":"wp","href":"https:\/\/api.w.org\/{rel}","templated":true}]}}