{"id":3,"date":"2009-02-11T21:12:54","date_gmt":"2009-02-11T20:12:54","guid":{"rendered":"http:\/\/localhost\/dobrofanth.eu\/engine\/?page_id=3"},"modified":"2018-02-21T17:14:59","modified_gmt":"2018-02-21T16:14:59","slug":"co-so-sebou","status":"publish","type":"page","link":"http:\/\/dobrofanth.eu\/?page_id=3","title":{"rendered":"\u010co so sebou"},"content":{"rendered":"<p><strong>Pre \u017eivotn\u00e9 potreby<\/strong><\/p>\n<ul>\n<li>Ak pl\u00e1nujete stanova\u0165 tak si pripravte povinn\u00fa v\u00fdbavu ako stan, spac\u00e1k, karimatku a v\u0161etko pre pre\u017eitie aj po\u010das chladnej\u0161\u00edch, pr\u00edpadne upr\u0161anej\u0161\u00edch dn\u00ed. Sprchy a soci\u00e1lne zariadenia s\u00fa k dizpoz\u00edcii.<\/li>\n<li>Kost\u00fdm a nehern\u00e9 oble\u010denie vhodn\u00e9 aj do pr\u00edrody, nezabudnite na teplej\u0161ie veci na ve\u010der a nepremokav\u00fa obuv. Cez de\u0148 m\u00f4\u017ee by\u0165 naopak ve\u013emi hor\u00faco tak zvo\u013ete dobr\u00fd kompromis.<\/li>\n<li>Z\u00e1kladn\u00fa v\u00fdbavu do nepohody ako \u0161it\u00ed\u010dko (na pr\u00edpadn\u00e9 r\u00fdchloopravy kost\u00fdmov a nekost\u00fdmov), izolepu (ktor\u00e1 oprav\u00ed v\u0161etko), hygienick\u00e9 potreby, minilek\u00e1rni\u010dku (organiz\u00e1tori ju bud\u00fa ma\u0165 k dizpoz\u00edcii ale je dobr\u00e9 ma\u0165 aj vlastn\u00fd &#8220;f\u013eajster&#8221; na mini \u00farazy), repelent, lieky na alergiu (pr\u00edpadne na in\u00e9 neduhy), opa\u013eovac\u00ed kr\u00e9m (aj ke\u010f je v lese tie\u0148, na l\u00fakach a \u010distin\u00e1ch vie poriadne &#8220;pripeka\u0165&#8221;), pr\u00edbor, pr\u00edpadne vlastn\u00fa misku alebo e\u0161us.<\/li>\n<li>Jedlo si nutne z domu bra\u0165 nemus\u00edte, nie\u010do bude zabezpe\u010den\u00e9 a v dedine sa nach\u00e1dza obchod s mal\u00fdm ale uspokojuj\u00facim v\u00fdberom pre hlado\u0161ov. Samozrejme, rez\u0148ami a \u0161al\u00e1tom z domu nepohrdneme.:)<\/li>\n<li>V\u0161etko, \u010do si mysl\u00edte, \u017ee by sa v\u00e1m mohlo z\u00eds\u0165 po\u010das DBF t\u00fd\u017ed\u0148a. M\u00f4\u017eete prinies\u0165 aj va\u0161e ob\u013e\u00faben\u00e9 hry, my sa len pote\u0161\u00edme.<\/li>\n<\/ul>\n<p><strong>Pre hru samotn\u00fa<\/strong><\/p>\n<ul>\n<ul>\n<li>Na hre je vysok\u00e1 kost\u00fdmov\u00e1 povinnos\u0165. Ka\u017ed\u00fd, kto sa bude chcie\u0165 pohybova\u0165 po hernom \u00fazem\u00ed, bude musie\u0165 ma\u0165 povinne kost\u00fdm.<\/li>\n<li>Ka\u017ed\u00e1 postava bude ma\u0165 svoj \u017eivotopis a zoznam schopnost\u00ed, ktor\u00fd je dobr\u00e9 po\u010das hry so sebou. Je dobr\u00e9 ma\u0165 so sebou aj papier a pero na dopl\u0148ovanie a zapisovanie inform\u00e1ci\u00ed po\u010das hry.<\/li>\n<li>Mal\u00fa ta\u0161ku alebo kapsu, pr\u00edpadne hoci\u010do vhodn\u00e9 ku kost\u00fdmu, kde sa daj\u00fa pren\u00e1\u0161a\u0165 a uchov\u00e1va\u0165 hern\u00e9 aj nehern\u00e9 predmety.<\/li>\n<li>Mal\u00e9 ale u\u017eito\u010dn\u00e9 veci ako izolepa, \u0161pag\u00e1t, no\u017enice\/vreckov\u00fd no\u017e\u00edk, baterku a pod., ktor\u00e9 sa v\u00e1m m\u00f4\u017eu z\u00eds\u0165 ak nie\u010do n\u00e1hodou budete potrebova\u0165 po\u010das hern\u00e9ho d\u0148a\/noci.<\/li>\n<li>Pravidl\u00e1 pre hern\u00e9 zbrane bud\u00fa v\u010das zverejnen\u00e9. Zbrane bud\u00fa musie\u0165 by\u0165 obalen\u00e9 pod\u013ea bezpe\u010dnostn\u00fdch pravidiel.<\/li>\n<li>Mobil a kontakt na organiz\u00e1tora.<\/li>\n<li>Dobr\u00fa n\u00e1ladu a el\u00e1n do hry.<\/li>\n<\/ul>\n<\/ul>\n","protected":false},"excerpt":{"rendered":"<p>Pre \u017eivotn\u00e9 potreby Ak pl\u00e1nujete stanova\u0165 tak si pripravte povinn\u00fa v\u00fdbavu ako stan, spac\u00e1k, karimatku a v\u0161etko pre pre\u017eitie aj po\u010das chladnej\u0161\u00edch, pr\u00edpadne upr\u0161anej\u0161\u00edch dn\u00ed. Sprchy a soci\u00e1lne zariadenia s\u00fa k dizpoz\u00edcii. Kost\u00fdm a nehern\u00e9 oble\u010denie vhodn\u00e9 aj do pr\u00edrody, nezabudnite na teplej\u0161ie veci na ve\u010der a nepremokav\u00fa obuv. Cez de\u0148 m\u00f4\u017ee by\u0165 naopak ve\u013emi [&hellip;]<\/p>\n","protected":false},"author":3,"featured_media":0,"parent":0,"menu_order":0,"comment_status":"open","ping_status":"open","template":"","meta":{"footnotes":""},"class_list":["post-3","page","type-page","status-publish","hentry"],"_links":{"self":[{"href":"http:\/\/dobrofanth.eu\/index.php?rest_route=\/wp\/v2\/pages\/3","targetHints":{"allow":["GET"]}}],"collection":[{"href":"http:\/\/dobrofanth.eu\/index.php?rest_route=\/wp\/v2\/pages"}],"about":[{"href":"http:\/\/dobrofanth.eu\/index.php?rest_route=\/wp\/v2\/types\/page"}],"author":[{"embeddable":true,"href":"http:\/\/dobrofanth.eu\/index.php?rest_route=\/wp\/v2\/users\/3"}],"replies":[{"embeddable":true,"href":"http:\/\/dobrofanth.eu\/index.php?rest_route=%2Fwp%2Fv2%2Fcomments&post=3"}],"version-history":[{"count":32,"href":"http:\/\/dobrofanth.eu\/index.php?rest_route=\/wp\/v2\/pages\/3\/revisions"}],"predecessor-version":[{"id":1565,"href":"http:\/\/dobrofanth.eu\/index.php?rest_route=\/wp\/v2\/pages\/3\/revisions\/1565"}],"wp:attachment":[{"href":"http:\/\/dobrofanth.eu\/index.php?rest_route=%2Fwp%2Fv2%2Fmedia&parent=3"}],"curies":[{"name":"wp","href":"https:\/\/api.w.org\/{rel}","templated":true}]}}