{"id":7,"date":"2009-02-11T21:17:10","date_gmt":"2009-02-11T20:17:10","guid":{"rendered":"http:\/\/localhost\/dobrofanth.eu\/engine\/?page_id=7"},"modified":"2018-02-21T16:50:41","modified_gmt":"2018-02-21T15:50:41","slug":"ako-na-mieste","status":"publish","type":"page","link":"http:\/\/dobrofanth.eu\/?page_id=7","title":{"rendered":"Ako na mieste"},"content":{"rendered":"<p>Tento rok sa bude DBF kona\u0165 v dedinke Kr\u00e1snohorsk\u00e1 Dlh\u00e1 L\u00faka. Dosta\u0165 sa sem m\u00f4\u017eete spojmi z Ko\u0161\u00edc (prestup cez Ro\u017e\u0148avu) pr\u00edpadne autom.<\/p>\n<p>Rozpisy spojov m\u00f4\u017eete n\u00e1js\u0165 napr\u00edklad tu:\u00a0<a href=\"https:\/\/cp.hnonline.sk\/vlakbus\/spojenie\/\">CP Vlaky + Autobusy<\/a><\/p>\n<p>Penzi\u00f3n je lokalizovan\u00fd na konci dediny pod lesom, je v \u0148om mo\u017en\u00e9 ubytovanie v dvoj a \u0161tvor poste\u013eov\u00fdch izb\u00e1ch, pr\u00edpadne je tu mo\u017enos\u0165 stanovania na pri\u013eahlom pozemku.<\/p>\n<p>V dedine sa nach\u00e1dza mal\u00fd obchod s potravinami a rozli\u010dn\u00fdm tovarom.<\/p>\n<p><iframe loading=\"lazy\" style=\"border: 0;\" src=\"https:\/\/www.google.com\/maps\/embed?pb=!1m18!1m12!1m3!1d6666.601035918915!2d20.577470720900045!3d48.62399900897475!2m3!1f0!2f0!3f0!3m2!1i1024!2i768!4f13.1!3m3!1m2!1s0x473fa67137c53dbf%3A0x488677db5a6bf1e8!2zUGVuemnDs24gSm96ZWbDrW5h!5e0!3m2!1ssk!2sit!4v1518003388317\" width=\"600\" height=\"450\" frameborder=\"0\" allowfullscreen=\"allowfullscreen\"><\/iframe><\/p>\n","protected":false},"excerpt":{"rendered":"<p>Tento rok sa bude DBF kona\u0165 v dedinke Kr\u00e1snohorsk\u00e1 Dlh\u00e1 L\u00faka. Dosta\u0165 sa sem m\u00f4\u017eete spojmi z Ko\u0161\u00edc (prestup cez Ro\u017e\u0148avu) pr\u00edpadne autom. Rozpisy spojov m\u00f4\u017eete n\u00e1js\u0165 napr\u00edklad tu:\u00a0CP Vlaky + Autobusy Penzi\u00f3n je lokalizovan\u00fd na konci dediny pod lesom, je v \u0148om mo\u017en\u00e9 ubytovanie v dvoj a \u0161tvor poste\u013eov\u00fdch izb\u00e1ch, pr\u00edpadne je tu mo\u017enos\u0165 [&hellip;]<\/p>\n","protected":false},"author":3,"featured_media":0,"parent":0,"menu_order":0,"comment_status":"open","ping_status":"open","template":"","meta":{"footnotes":""},"class_list":["post-7","page","type-page","status-publish","hentry"],"_links":{"self":[{"href":"http:\/\/dobrofanth.eu\/index.php?rest_route=\/wp\/v2\/pages\/7","targetHints":{"allow":["GET"]}}],"collection":[{"href":"http:\/\/dobrofanth.eu\/index.php?rest_route=\/wp\/v2\/pages"}],"about":[{"href":"http:\/\/dobrofanth.eu\/index.php?rest_route=\/wp\/v2\/types\/page"}],"author":[{"embeddable":true,"href":"http:\/\/dobrofanth.eu\/index.php?rest_route=\/wp\/v2\/users\/3"}],"replies":[{"embeddable":true,"href":"http:\/\/dobrofanth.eu\/index.php?rest_route=%2Fwp%2Fv2%2Fcomments&post=7"}],"version-history":[{"count":30,"href":"http:\/\/dobrofanth.eu\/index.php?rest_route=\/wp\/v2\/pages\/7\/revisions"}],"predecessor-version":[{"id":1564,"href":"http:\/\/dobrofanth.eu\/index.php?rest_route=\/wp\/v2\/pages\/7\/revisions\/1564"}],"wp:attachment":[{"href":"http:\/\/dobrofanth.eu\/index.php?rest_route=%2Fwp%2Fv2%2Fmedia&parent=7"}],"curies":[{"name":"wp","href":"https:\/\/api.w.org\/{rel}","templated":true}]}}