{"id":9,"date":"2009-02-11T21:17:31","date_gmt":"2009-02-11T20:17:31","guid":{"rendered":"http:\/\/localhost\/dobrofanth.eu\/engine\/?page_id=9"},"modified":"2026-02-26T12:33:06","modified_gmt":"2026-02-26T11:33:06","slug":"info-o-hre","status":"publish","type":"page","link":"http:\/\/dobrofanth.eu\/?page_id=9","title":{"rendered":"Info o hre"},"content":{"rendered":"<h3>DobroFantH &#8217;26<\/h3>\n<h1><span style=\"color: #0000ff;\">Arthur: Gr\u00e1l, Henge a Moy-ovia<\/span><\/h1>\n<p>Pre najnov\u0161ie inform\u00e1cie sledujte na\u0161u facebookov\u00fa str\u00e1nku\u00a0<a href=\"https:\/\/www.facebook.com\/DBF.eu\/\">DobroFantH<\/a><\/p>\n<h3><span style=\"text-decoration: underline;\"><strong>Inform\u00e1cie o hre:<\/strong><\/span><\/h3>\n<ul>\n<li><a href=\"http:\/\/dobrofanth.eu\/?p=1709\">Pravidl\u00e1 (zatia\u013e nekompletn\u00e9)<\/a><\/li>\n<\/ul>\n<h3><span style=\"text-decoration: underline;\">D\u00f4le\u017eit\u00e9 odkazy:<\/span><\/h3>\n<ul>\n<li><a href=\"https:\/\/docs.google.com\/forms\/d\/e\/1FAIpQLSfmdBx3aEGZdb-szS-7DDWhmoyfD7kGonIt902dftsQSRW3_A\/viewform?usp=header\">Registra\u010dn\u00fd formul\u00e1r<\/a><\/li>\n<li><a href=\"http:\/\/dobrofanth.eu\/?p=1721\">Preh\u013ead cien<\/a><\/li>\n<li><a href=\"https:\/\/fb.me\/e\/5I0dVu3CZ\">Udalos\u0165 na FB<\/a><\/li>\n<\/ul>\n<h3><span style=\"text-decoration: underline;\">Vide\u00e1:<\/span><\/h3>\n<ul>\n<li><a href=\"https:\/\/fb.watch\/FvTiaR33FN\/\">Trailer<\/a><\/li>\n<\/ul>\n","protected":false},"excerpt":{"rendered":"<p>DobroFantH &#8217;26 Arthur: Gr\u00e1l, Henge a Moy-ovia Pre najnov\u0161ie inform\u00e1cie sledujte na\u0161u facebookov\u00fa str\u00e1nku\u00a0DobroFantH Inform\u00e1cie o hre: Pravidl\u00e1 (zatia\u013e nekompletn\u00e9) D\u00f4le\u017eit\u00e9 odkazy: Registra\u010dn\u00fd formul\u00e1r Preh\u013ead cien Udalos\u0165 na FB Vide\u00e1: Trailer<\/p>\n","protected":false},"author":1,"featured_media":0,"parent":0,"menu_order":0,"comment_status":"open","ping_status":"open","template":"","meta":{"footnotes":""},"class_list":["post-9","page","type-page","status-publish","hentry"],"_links":{"self":[{"href":"http:\/\/dobrofanth.eu\/index.php?rest_route=\/wp\/v2\/pages\/9","targetHints":{"allow":["GET"]}}],"collection":[{"href":"http:\/\/dobrofanth.eu\/index.php?rest_route=\/wp\/v2\/pages"}],"about":[{"href":"http:\/\/dobrofanth.eu\/index.php?rest_route=\/wp\/v2\/types\/page"}],"author":[{"embeddable":true,"href":"http:\/\/dobrofanth.eu\/index.php?rest_route=\/wp\/v2\/users\/1"}],"replies":[{"embeddable":true,"href":"http:\/\/dobrofanth.eu\/index.php?rest_route=%2Fwp%2Fv2%2Fcomments&post=9"}],"version-history":[{"count":94,"href":"http:\/\/dobrofanth.eu\/index.php?rest_route=\/wp\/v2\/pages\/9\/revisions"}],"predecessor-version":[{"id":1723,"href":"http:\/\/dobrofanth.eu\/index.php?rest_route=\/wp\/v2\/pages\/9\/revisions\/1723"}],"wp:attachment":[{"href":"http:\/\/dobrofanth.eu\/index.php?rest_route=%2Fwp%2Fv2%2Fmedia&parent=9"}],"curies":[{"name":"wp","href":"https:\/\/api.w.org\/{rel}","templated":true}]}}